{"id":6776,"date":"2024-09-10T15:02:06","date_gmt":"2024-09-10T13:02:06","guid":{"rendered":"https:\/\/pilpoele-mtb.fr\/?page_id=6776"},"modified":"2024-09-10T16:53:37","modified_gmt":"2024-09-10T14:53:37","slug":"maintenance","status":"publish","type":"page","link":"https:\/\/pilpoele-mtb.fr\/","title":{"rendered":"Maintenance"},"content":{"rendered":"<p>[et_pb_section fb_built=\u00a0\u00bb1&Prime; _builder_version=\u00a0\u00bb4.27.0&Prime; _module_preset=\u00a0\u00bbdefault\u00a0\u00bb custom_padding=\u00a0\u00bb50px||50px||false|false\u00a0\u00bb global_colors_info=\u00a0\u00bb{}\u00a0\u00bb][et_pb_row column_structure=\u00a0\u00bb1_2,1_2&Prime; _builder_version=\u00a0\u00bb4.27.0&Prime; _module_preset=\u00a0\u00bbdefault\u00a0\u00bb hover_enabled=\u00a0\u00bb0&Prime; global_colors_info=\u00a0\u00bb{}\u00a0\u00bb sticky_enabled=\u00a0\u00bb0&Prime;][et_pb_column type=\u00a0\u00bb1_2&Prime; _builder_version=\u00a0\u00bb4.27.0&Prime; _module_preset=\u00a0\u00bbdefault\u00a0\u00bb hover_enabled=\u00a0\u00bb0&Prime; global_colors_info=\u00a0\u00bb{}\u00a0\u00bb module_class=\u00a0\u00bbdc-centrer-verticalement\u00a0\u00bb sticky_enabled=\u00a0\u00bb0&Prime;][et_pb_text _builder_version=\u00a0\u00bb4.27.0&Prime; _module_preset=\u00a0\u00bbdefault\u00a0\u00bb text_font=\u00a0\u00bb||||||||\u00a0\u00bb text_text_color=\u00a0\u00bb#679940&Prime; text_font_size=\u00a0\u00bb15px\u00a0\u00bb header_font=\u00a0\u00bbRaleway|800|||||||\u00a0\u00bb custom_margin=\u00a0\u00bb||10px||false|false\u00a0\u00bb custom_css_free_form=\u00a0\u00bbselector h1{||  color: #679940;||}\u00a0\u00bb global_colors_info=\u00a0\u00bb{}\u00a0\u00bb]<\/p>\n<h1 style=\"text-align: left;\">Base technique SAVOIE<\/h1>\n<h1 style=\"text-align: left;\">Agence bas\u00e9e \u00e0 Chamb\u00e9ry (73)<\/h1>\n<p>[\/et_pb_text][et_pb_divider divider_weight=\u00a0\u00bb5px\u00a0\u00bb _builder_version=\u00a0\u00bb4.27.0&Prime; _module_preset=\u00a0\u00bbdefault\u00a0\u00bb width=\u00a0\u00bb50px\u00a0\u00bb width_last_edited=\u00a0\u00bboff|desktop\u00a0\u00bb module_alignment=\u00a0\u00bbleft\u00a0\u00bb custom_margin=\u00a0\u00bb||10px||false|false\u00a0\u00bb global_colors_info=\u00a0\u00bb{}\u00a0\u00bb][\/et_pb_divider][et_pb_text _builder_version=\u00a0\u00bb4.27.0&Prime; _module_preset=\u00a0\u00bbdefault\u00a0\u00bb text_font=\u00a0\u00bbRaleway|700|||||||\u00a0\u00bb text_text_color=\u00a0\u00bb#474747&Prime; text_font_size=\u00a0\u00bb16px\u00a0\u00bb global_colors_info=\u00a0\u00bb{}\u00a0\u00bb]<\/p>\n<h3>SAS PO\u00caLES ET CHAUDIERES SAVOIE MONT-BLANC<\/h3>\n<p>[\/et_pb_text][\/et_pb_column][et_pb_column type=\u00a0\u00bb1_2&Prime; _builder_version=\u00a0\u00bb4.27.0&Prime; _module_preset=\u00a0\u00bbdefault\u00a0\u00bb hover_enabled=\u00a0\u00bb0&Prime; global_colors_info=\u00a0\u00bb{}\u00a0\u00bb module_class=\u00a0\u00bbdc-centrer-verticalement\u00a0\u00bb sticky_enabled=\u00a0\u00bb0&Prime;][et_pb_image src=\u00a0\u00bbhttps:\/\/pilpoele-mtb.fr\/wp-content\/uploads\/2022\/03\/magasin_pilpoele_chambery.jpg\u00a0\u00bb alt=\u00a0\u00bbInt\u00e9rieur du magasin Pil&rsquo;Po\u00eale de Chamb\u00e9ry\u00a0\u00bb title_text=\u00a0\u00bbmagasin_pilpoele_chamb\u00e9ry\u00a0\u00bb _builder_version=\u00a0\u00bb4.27.0&Prime; _module_preset=\u00a0\u00bbdefault\u00a0\u00bb global_colors_info=\u00a0\u00bb{}\u00a0\u00bb][\/et_pb_image][\/et_pb_column][\/et_pb_row][\/et_pb_section][et_pb_section fb_built=\u00a0\u00bb1&Prime; _builder_version=\u00a0\u00bb4.27.0&Prime; _module_preset=\u00a0\u00bbdefault\u00a0\u00bb custom_margin=\u00a0\u00bb||50px||false|false\u00a0\u00bb global_colors_info=\u00a0\u00bb{}\u00a0\u00bb][et_pb_row make_equal=\u00a0\u00bbon\u00a0\u00bb _builder_version=\u00a0\u00bb4.27.0&Prime; _module_preset=\u00a0\u00bbdefault\u00a0\u00bb width_tablet=\u00a0\u00bb\u00a0\u00bb width_phone=\u00a0\u00bb95%\u00a0\u00bb width_last_edited=\u00a0\u00bbon|desktop\u00a0\u00bb custom_padding=\u00a0\u00bb20px|20px|20px|20px|false|false\u00a0\u00bb border_width_all=\u00a0\u00bb2px\u00a0\u00bb border_color_all=\u00a0\u00bb#E02B20&Prime; global_colors_info=\u00a0\u00bb{}\u00a0\u00bb][et_pb_column type=\u00a0\u00bb4_4&Prime; _builder_version=\u00a0\u00bb4.27.0&Prime; _module_preset=\u00a0\u00bbdefault\u00a0\u00bb global_colors_info=\u00a0\u00bb{}\u00a0\u00bb][et_pb_text _builder_version=\u00a0\u00bb4.27.0&Prime; _module_preset=\u00a0\u00bbdefault\u00a0\u00bb text_font=\u00a0\u00bb||||||||\u00a0\u00bb text_text_color=\u00a0\u00bb#E02B20&Prime; text_font_size=\u00a0\u00bb15px\u00a0\u00bb header_font=\u00a0\u00bbRaleway|800|||||||\u00a0\u00bb header_text_color=\u00a0\u00bb#E02B20&Prime; custom_css_free_form=\u00a0\u00bbselector h3{||  color: red;||  text-transform: uppercase;||}\u00a0\u00bb global_colors_info=\u00a0\u00bb{}\u00a0\u00bb]<\/p>\n<h3 style=\"text-align: left;\">Information importante<\/h3>\n<p>[\/et_pb_text][et_pb_text _builder_version=\u00a0\u00bb4.27.0&Prime; _module_preset=\u00a0\u00bbdefault\u00a0\u00bb text_font_size=\u00a0\u00bb17px\u00a0\u00bb custom_margin=\u00a0\u00bb-22px|||||\u00a0\u00bb hover_enabled=\u00a0\u00bb0&Prime; global_colors_info=\u00a0\u00bb{}\u00a0\u00bb sticky_enabled=\u00a0\u00bb0&Prime;]<\/p>\n<p class=\"x_MsoNormal\"><b>Bonjour<\/b>,<\/p>\n<p class=\"x_MsoNormal\">Nous vous informons que la soci\u00e9t\u00e9 <span><strong><em>POELES &amp; CHAUDIERES SAVOIE MONT-BLAN<\/em>C<\/strong><\/span>,<span> 381 AV DE VILLARCHER 73000 CHAMBERY<\/span><span class=\"x_lrzxr\">\u00a0n\u2019est plus autoris\u00e9e \u00e0 communiquer et \u00e0 commercialiser sous les marques de l\u2019Enseigne Pil\u2019Po\u00eale \u00c9nergies. <\/span><span class=\"x_lrzxr\">Cette derni\u00e8re<strong> n\u2019est plus distributeur de l\u2019enseigne.<\/strong><\/span><\/p>\n<p class=\"x_MsoNormal\"><span class=\"x_lrzxr\">Le responsable l\u00e9gale de la Soci\u00e9t\u00e9<span> <strong><em>POELES &amp; CHAUDIERES SAVOIE MONT-BLAN<\/em>C<\/strong><\/span><\/span>, Monsieur Marc GODARD est joignable par t\u00e9l\u00e9phone au <a data-dtype=\"d3ph\" data-local-attribute=\"d3ph\" jscontroller=\"LWZElb\" href=\"https:\/\/www.google.com\/search?q=pil%27poele+chamb%C3%A9ry&amp;rlz=1C1VDKB_frFR956FR956&amp;oq=pil%27poele+chamb%C3%A9ry&amp;aqs=chrome..69i57j0i512l2j46i175i199i512.3471j0j7&amp;sourceid=chrome&amp;ie=UTF-8#\" jsdata=\"QKGTRc;_;ACbQZs\" jsaction=\"rcuQ6b:npT2md;F75qrd\" data-ved=\"2ahUKEwijzuLE0NT_AhXeU6QEHdwnAJIQkAgoAHoECD0QAw\"><span aria-label=\"Appeler le 09 52 32 71 56\">09 52 32 71 56<\/span><\/a> et par email \u00e0 l\u2019adresse contact@pilpoele-mtb.fr<\/p>\n<p class=\"x_MsoNormal\">Vous souhaitez nous faire part d\u2019observations concernant votre mat\u00e9riel Pil\u2019Po\u00eale, veuillez renseigner le formulaire ci-dessous.<\/p>\n<p class=\"x_MsoNormal\">Bien cordialement,<\/p>\n<p>[\/et_pb_text][et_pb_contact_form email=\u00a0\u00bbinternet@pilpoele.fr, contact@pilpoele.com\u00a0\u00bb custom_message=\u00a0\u00bb- Pil&rsquo;Po\u00eale CHAMBERY &#8211; P&#038;C SMB||et_pb_line_break_holder||||et_pb_line_break_holder||||et_pb_line_break_holder||Nom: %%Name%%||et_pb_line_break_holder||Pr\u00e9nom: %%Prenom%%||et_pb_line_break_holder||Mail: %%Email%%||et_pb_line_break_holder||T\u00e9l\u00e9phone: %%Tel%%||et_pb_line_break_holder||Adresse: %%adresse%%||et_pb_line_break_holder||Ville: %%Ville%%||et_pb_line_break_holder||Code postal: %%codepostal%%||et_pb_line_break_holder||||et_pb_line_break_holder||Message: %%Message%%\u00a0\u00bb success_message=\u00a0\u00bbVotre demande a bien \u00e9t\u00e9 envoy\u00e9 \u00e0 nos \u00e9quipes. Nous vous r\u00e9pondrons dans les plus brefs d\u00e9lais. L&rsquo;\u00e9quipe Pil&rsquo;Po\u00eale.\u00a0\u00bb _builder_version=\u00a0\u00bb4.27.0&Prime; _module_preset=\u00a0\u00bbdefault\u00a0\u00bb _unique_id=\u00a0\u00bb66032210-8173-430b-aa06-ca093c91ebb0&Prime; custom_button=\u00a0\u00bbon\u00a0\u00bb button_text_size=\u00a0\u00bb16px\u00a0\u00bb button_text_color=\u00a0\u00bb#FFFFFF\u00a0\u00bb button_bg_color=\u00a0\u00bb#62BB46&Prime; button_border_width=\u00a0\u00bb6px\u00a0\u00bb button_border_color=\u00a0\u00bbRGBA(255,255,255,0)\u00a0\u00bb button_font=\u00a0\u00bbRaleway|700|||||||\u00a0\u00bb button_icon=\u00a0\u00bb&#x4e;||divi||400&Prime; hover_enabled=\u00a0\u00bb0&Prime; global_colors_info=\u00a0\u00bb{}\u00a0\u00bb submit_button_text=\u00a0\u00bbEnvoyer\u00a0\u00bb sticky_enabled=\u00a0\u00bb0&Prime;][et_pb_contact_field field_id=\u00a0\u00bbName\u00a0\u00bb field_title=\u00a0\u00bbNom*\u00a0\u00bb _builder_version=\u00a0\u00bb4.27.0&Prime; global_colors_info=\u00a0\u00bb{}\u00a0\u00bb button_text_size__hover_enabled=\u00a0\u00bboff\u00a0\u00bb button_one_text_size__hover_enabled=\u00a0\u00bboff\u00a0\u00bb button_two_text_size__hover_enabled=\u00a0\u00bboff\u00a0\u00bb button_text_color__hover_enabled=\u00a0\u00bboff\u00a0\u00bb button_one_text_color__hover_enabled=\u00a0\u00bboff\u00a0\u00bb button_two_text_color__hover_enabled=\u00a0\u00bboff\u00a0\u00bb button_border_width__hover_enabled=\u00a0\u00bboff\u00a0\u00bb button_one_border_width__hover_enabled=\u00a0\u00bboff\u00a0\u00bb button_two_border_width__hover_enabled=\u00a0\u00bboff\u00a0\u00bb button_border_color__hover_enabled=\u00a0\u00bboff\u00a0\u00bb button_one_border_color__hover_enabled=\u00a0\u00bboff\u00a0\u00bb button_two_border_color__hover_enabled=\u00a0\u00bboff\u00a0\u00bb button_border_radius__hover_enabled=\u00a0\u00bboff\u00a0\u00bb button_one_border_radius__hover_enabled=\u00a0\u00bboff\u00a0\u00bb button_two_border_radius__hover_enabled=\u00a0\u00bboff\u00a0\u00bb button_letter_spacing__hover_enabled=\u00a0\u00bboff\u00a0\u00bb button_one_letter_spacing__hover_enabled=\u00a0\u00bboff\u00a0\u00bb button_two_letter_spacing__hover_enabled=\u00a0\u00bboff\u00a0\u00bb button_bg_color__hover_enabled=\u00a0\u00bboff\u00a0\u00bb button_one_bg_color__hover_enabled=\u00a0\u00bboff\u00a0\u00bb button_two_bg_color__hover_enabled=\u00a0\u00bboff\u00a0\u00bb][\/et_pb_contact_field][et_pb_contact_field field_id=\u00a0\u00bbPrenom\u00a0\u00bb field_title=\u00a0\u00bbPr\u00e9nom\u00a0\u00bb _builder_version=\u00a0\u00bb4.27.0&Prime; _module_preset=\u00a0\u00bbdefault\u00a0\u00bb global_colors_info=\u00a0\u00bb{}\u00a0\u00bb][\/et_pb_contact_field][et_pb_contact_field field_id=\u00a0\u00bbTel\u00a0\u00bb field_title=\u00a0\u00bbT\u00e9l\u00e9phone*\u00a0\u00bb min_length=\u00a0\u00bb10&Prime; max_length=\u00a0\u00bb10&Prime; allowed_symbols=\u00a0\u00bbnumbers\u00a0\u00bb _builder_version=\u00a0\u00bb4.27.0&Prime; _module_preset=\u00a0\u00bbdefault\u00a0\u00bb global_colors_info=\u00a0\u00bb{}\u00a0\u00bb][\/et_pb_contact_field][et_pb_contact_field field_id=\u00a0\u00bbEmail\u00a0\u00bb field_title=\u00a0\u00bbAdresse e-mail*\u00a0\u00bb field_type=\u00a0\u00bbemail\u00a0\u00bb _builder_version=\u00a0\u00bb4.27.0&Prime; global_colors_info=\u00a0\u00bb{}\u00a0\u00bb button_text_size__hover_enabled=\u00a0\u00bboff\u00a0\u00bb button_one_text_size__hover_enabled=\u00a0\u00bboff\u00a0\u00bb button_two_text_size__hover_enabled=\u00a0\u00bboff\u00a0\u00bb button_text_color__hover_enabled=\u00a0\u00bboff\u00a0\u00bb button_one_text_color__hover_enabled=\u00a0\u00bboff\u00a0\u00bb button_two_text_color__hover_enabled=\u00a0\u00bboff\u00a0\u00bb button_border_width__hover_enabled=\u00a0\u00bboff\u00a0\u00bb button_one_border_width__hover_enabled=\u00a0\u00bboff\u00a0\u00bb button_two_border_width__hover_enabled=\u00a0\u00bboff\u00a0\u00bb button_border_color__hover_enabled=\u00a0\u00bboff\u00a0\u00bb button_one_border_color__hover_enabled=\u00a0\u00bboff\u00a0\u00bb button_two_border_color__hover_enabled=\u00a0\u00bboff\u00a0\u00bb button_border_radius__hover_enabled=\u00a0\u00bboff\u00a0\u00bb button_one_border_radius__hover_enabled=\u00a0\u00bboff\u00a0\u00bb button_two_border_radius__hover_enabled=\u00a0\u00bboff\u00a0\u00bb button_letter_spacing__hover_enabled=\u00a0\u00bboff\u00a0\u00bb button_one_letter_spacing__hover_enabled=\u00a0\u00bboff\u00a0\u00bb button_two_letter_spacing__hover_enabled=\u00a0\u00bboff\u00a0\u00bb button_bg_color__hover_enabled=\u00a0\u00bboff\u00a0\u00bb button_one_bg_color__hover_enabled=\u00a0\u00bboff\u00a0\u00bb button_two_bg_color__hover_enabled=\u00a0\u00bboff\u00a0\u00bb][\/et_pb_contact_field][et_pb_contact_field field_id=\u00a0\u00bbadresse\u00a0\u00bb field_title=\u00a0\u00bbVotre adresse\u00a0\u00bb required_mark=\u00a0\u00bboff\u00a0\u00bb fullwidth_field=\u00a0\u00bbon\u00a0\u00bb _builder_version=\u00a0\u00bb4.27.0&Prime; _module_preset=\u00a0\u00bbdefault\u00a0\u00bb global_colors_info=\u00a0\u00bb{}\u00a0\u00bb][\/et_pb_contact_field][et_pb_contact_field field_id=\u00a0\u00bbVille\u00a0\u00bb field_title=\u00a0\u00bbVille*\u00a0\u00bb _builder_version=\u00a0\u00bb4.27.0&Prime; _module_preset=\u00a0\u00bbdefault\u00a0\u00bb global_colors_info=\u00a0\u00bb{}\u00a0\u00bb][\/et_pb_contact_field][et_pb_contact_field field_id=\u00a0\u00bbcodepostal\u00a0\u00bb field_title=\u00a0\u00bbCode Postal*\u00a0\u00bb allowed_symbols=\u00a0\u00bbnumbers\u00a0\u00bb _builder_version=\u00a0\u00bb4.27.0&Prime; _module_preset=\u00a0\u00bbdefault\u00a0\u00bb global_colors_info=\u00a0\u00bb{}\u00a0\u00bb][\/et_pb_contact_field][et_pb_contact_field field_id=\u00a0\u00bbMessage\u00a0\u00bb field_title=\u00a0\u00bbVos observations\u00a0\u00bb field_type=\u00a0\u00bbtext\u00a0\u00bb fullwidth_field=\u00a0\u00bbon\u00a0\u00bb _builder_version=\u00a0\u00bb4.27.0&Prime; global_colors_info=\u00a0\u00bb{}\u00a0\u00bb button_text_size__hover_enabled=\u00a0\u00bboff\u00a0\u00bb button_one_text_size__hover_enabled=\u00a0\u00bboff\u00a0\u00bb button_two_text_size__hover_enabled=\u00a0\u00bboff\u00a0\u00bb button_text_color__hover_enabled=\u00a0\u00bboff\u00a0\u00bb button_one_text_color__hover_enabled=\u00a0\u00bboff\u00a0\u00bb button_two_text_color__hover_enabled=\u00a0\u00bboff\u00a0\u00bb button_border_width__hover_enabled=\u00a0\u00bboff\u00a0\u00bb button_one_border_width__hover_enabled=\u00a0\u00bboff\u00a0\u00bb button_two_border_width__hover_enabled=\u00a0\u00bboff\u00a0\u00bb button_border_color__hover_enabled=\u00a0\u00bboff\u00a0\u00bb button_one_border_color__hover_enabled=\u00a0\u00bboff\u00a0\u00bb button_two_border_color__hover_enabled=\u00a0\u00bboff\u00a0\u00bb button_border_radius__hover_enabled=\u00a0\u00bboff\u00a0\u00bb button_one_border_radius__hover_enabled=\u00a0\u00bboff\u00a0\u00bb button_two_border_radius__hover_enabled=\u00a0\u00bboff\u00a0\u00bb button_letter_spacing__hover_enabled=\u00a0\u00bboff\u00a0\u00bb button_one_letter_spacing__hover_enabled=\u00a0\u00bboff\u00a0\u00bb button_two_letter_spacing__hover_enabled=\u00a0\u00bboff\u00a0\u00bb button_bg_color__hover_enabled=\u00a0\u00bboff\u00a0\u00bb button_one_bg_color__hover_enabled=\u00a0\u00bboff\u00a0\u00bb button_two_bg_color__hover_enabled=\u00a0\u00bboff\u00a0\u00bb][\/et_pb_contact_field][et_pb_contact_field field_id=\u00a0\u00bbRGPD\u00a0\u00bb field_title=\u00a0\u00bbConfirmation\u00a0\u00bb field_type=\u00a0\u00bbcheckbox\u00a0\u00bb checkbox_options=\u00a0\u00bb%91{%22value%22:%22En cochant cette case, vous acceptez que votre demande soit trait\u00e9e par Pil&rsquo;Po\u00eale. Pour plus d\u2019information, veuillez consulter notre politique de protection des donn\u00e9es personnelles%22,%22checked%22:0,%22dragID%22:-1}%93&Prime; fullwidth_field=\u00a0\u00bbon\u00a0\u00bb _builder_version=\u00a0\u00bb4.27.0&Prime; _module_preset=\u00a0\u00bbdefault\u00a0\u00bb hover_enabled=\u00a0\u00bb0&Prime; global_colors_info=\u00a0\u00bb{}\u00a0\u00bb sticky_enabled=\u00a0\u00bb0&Prime;][\/et_pb_contact_field][\/et_pb_contact_form][\/et_pb_column][\/et_pb_row][\/et_pb_section]<\/p>\n","protected":false},"excerpt":{"rendered":"<p>Base technique SAVOIE Agence bas\u00e9e \u00e0 Chamb\u00e9ry (73)SAS PO\u00caLES ET CHAUDIERES SAVOIE MONT-BLANCInformation importanteBonjour, Nous vous informons que la soci\u00e9t\u00e9 POELES &amp; CHAUDIERES SAVOIE MONT-BLANC, 381 AV DE VILLARCHER 73000 CHAMBERY\u00a0n\u2019est plus autoris\u00e9e \u00e0 communiquer et \u00e0 commercialiser sous les marques de l\u2019Enseigne Pil\u2019Po\u00eale \u00c9nergies. Cette derni\u00e8re n\u2019est plus distributeur de l\u2019enseigne. Le responsable l\u00e9gale [&hellip;]<\/p>\n","protected":false},"author":1,"featured_media":0,"parent":0,"menu_order":0,"comment_status":"closed","ping_status":"closed","template":"","meta":{"_et_pb_use_builder":"on","_et_pb_old_content":"","_et_gb_content_width":"","footnotes":""},"class_list":["post-6776","page","type-page","status-publish","hentry"],"yoast_head":"<!-- This site is optimized with the Yoast SEO plugin v25.6 - https:\/\/yoast.com\/wordpress\/plugins\/seo\/ -->\n<title>Po\u00eales \u00e0 granul\u00e9s, po\u00eales \u00e0 bois et chaudi\u00e8res \u00e0 Chamb\u00e9ry (73)<\/title>\n<meta name=\"description\" content=\"Vente et installation de po\u00eales \u00e0 granul\u00e9s, po\u00eales \u00e0 bois, inserts et chaudi\u00e8res dans la r\u00e9gion Savoie, magasin \u00e0 Chamb\u00e9ry (73)\" \/>\n<meta name=\"robots\" content=\"index, follow, max-snippet:-1, max-image-preview:large, max-video-preview:-1\" \/>\n<link rel=\"canonical\" href=\"https:\/\/pilpoele-mtb.fr\/\" \/>\n<meta property=\"og:locale\" content=\"fr_FR\" \/>\n<meta property=\"og:type\" content=\"article\" \/>\n<meta property=\"og:title\" content=\"Po\u00eales \u00e0 granul\u00e9s, po\u00eales \u00e0 bois et chaudi\u00e8res \u00e0 Chamb\u00e9ry (73)\" \/>\n<meta property=\"og:description\" content=\"Vente et installation de po\u00eales \u00e0 granul\u00e9s, po\u00eales \u00e0 bois, inserts et chaudi\u00e8res dans la r\u00e9gion Savoie, magasin \u00e0 Chamb\u00e9ry (73)\" \/>\n<meta property=\"og:url\" content=\"https:\/\/pilpoele-mtb.fr\/\" \/>\n<meta property=\"og:site_name\" content=\"Pil&#039;Po\u00eale-MTB\" \/>\n<meta property=\"article:modified_time\" content=\"2024-09-10T14:53:37+00:00\" \/>\n<meta name=\"twitter:card\" content=\"summary_large_image\" \/>\n<meta name=\"twitter:label1\" content=\"Dur\u00e9e de lecture estim\u00e9e\" \/>\n\t<meta name=\"twitter:data1\" content=\"2 minutes\" \/>\n<script type=\"application\/ld+json\" class=\"yoast-schema-graph\">{\"@context\":\"https:\/\/schema.org\",\"@graph\":[{\"@type\":\"WebPage\",\"@id\":\"https:\/\/pilpoele-mtb.fr\/\",\"url\":\"https:\/\/pilpoele-mtb.fr\/\",\"name\":\"Po\u00eales \u00e0 granul\u00e9s, po\u00eales \u00e0 bois et chaudi\u00e8res \u00e0 Chamb\u00e9ry (73)\",\"isPartOf\":{\"@id\":\"https:\/\/pilpoele-mtb.fr\/#website\"},\"datePublished\":\"2024-09-10T13:02:06+00:00\",\"dateModified\":\"2024-09-10T14:53:37+00:00\",\"description\":\"Vente et installation de po\u00eales \u00e0 granul\u00e9s, po\u00eales \u00e0 bois, inserts et chaudi\u00e8res dans la r\u00e9gion Savoie, magasin \u00e0 Chamb\u00e9ry (73)\",\"breadcrumb\":{\"@id\":\"https:\/\/pilpoele-mtb.fr\/#breadcrumb\"},\"inLanguage\":\"fr-FR\",\"potentialAction\":[{\"@type\":\"ReadAction\",\"target\":[\"https:\/\/pilpoele-mtb.fr\/\"]}]},{\"@type\":\"BreadcrumbList\",\"@id\":\"https:\/\/pilpoele-mtb.fr\/#breadcrumb\",\"itemListElement\":[{\"@type\":\"ListItem\",\"position\":1,\"name\":\"Accueil\",\"item\":\"https:\/\/pilpoele-mtb.fr\/\"},{\"@type\":\"ListItem\",\"position\":2,\"name\":\"Maintenance\"}]},{\"@type\":\"WebSite\",\"@id\":\"https:\/\/pilpoele-mtb.fr\/#website\",\"url\":\"https:\/\/pilpoele-mtb.fr\/\",\"name\":\"Pil&#039;Po\u00eale-MTB\",\"description\":\"Vente et installation de po\u00eales, inserts et chaudi\u00e8res \u00e0 Chamb\u00e9ry (73)\",\"potentialAction\":[{\"@type\":\"SearchAction\",\"target\":{\"@type\":\"EntryPoint\",\"urlTemplate\":\"https:\/\/pilpoele-mtb.fr\/?s={search_term_string}\"},\"query-input\":{\"@type\":\"PropertyValueSpecification\",\"valueRequired\":true,\"valueName\":\"search_term_string\"}}],\"inLanguage\":\"fr-FR\"}]}<\/script>\n<!-- \/ Yoast SEO plugin. -->","yoast_head_json":{"title":"Po\u00eales \u00e0 granul\u00e9s, po\u00eales \u00e0 bois et chaudi\u00e8res \u00e0 Chamb\u00e9ry (73)","description":"Vente et installation de po\u00eales \u00e0 granul\u00e9s, po\u00eales \u00e0 bois, inserts et chaudi\u00e8res dans la r\u00e9gion Savoie, magasin \u00e0 Chamb\u00e9ry (73)","robots":{"index":"index","follow":"follow","max-snippet":"max-snippet:-1","max-image-preview":"max-image-preview:large","max-video-preview":"max-video-preview:-1"},"canonical":"https:\/\/pilpoele-mtb.fr\/","og_locale":"fr_FR","og_type":"article","og_title":"Po\u00eales \u00e0 granul\u00e9s, po\u00eales \u00e0 bois et chaudi\u00e8res \u00e0 Chamb\u00e9ry (73)","og_description":"Vente et installation de po\u00eales \u00e0 granul\u00e9s, po\u00eales \u00e0 bois, inserts et chaudi\u00e8res dans la r\u00e9gion Savoie, magasin \u00e0 Chamb\u00e9ry (73)","og_url":"https:\/\/pilpoele-mtb.fr\/","og_site_name":"Pil&#039;Po\u00eale-MTB","article_modified_time":"2024-09-10T14:53:37+00:00","twitter_card":"summary_large_image","twitter_misc":{"Dur\u00e9e de lecture estim\u00e9e":"2 minutes"},"schema":{"@context":"https:\/\/schema.org","@graph":[{"@type":"WebPage","@id":"https:\/\/pilpoele-mtb.fr\/","url":"https:\/\/pilpoele-mtb.fr\/","name":"Po\u00eales \u00e0 granul\u00e9s, po\u00eales \u00e0 bois et chaudi\u00e8res \u00e0 Chamb\u00e9ry (73)","isPartOf":{"@id":"https:\/\/pilpoele-mtb.fr\/#website"},"datePublished":"2024-09-10T13:02:06+00:00","dateModified":"2024-09-10T14:53:37+00:00","description":"Vente et installation de po\u00eales \u00e0 granul\u00e9s, po\u00eales \u00e0 bois, inserts et chaudi\u00e8res dans la r\u00e9gion Savoie, magasin \u00e0 Chamb\u00e9ry (73)","breadcrumb":{"@id":"https:\/\/pilpoele-mtb.fr\/#breadcrumb"},"inLanguage":"fr-FR","potentialAction":[{"@type":"ReadAction","target":["https:\/\/pilpoele-mtb.fr\/"]}]},{"@type":"BreadcrumbList","@id":"https:\/\/pilpoele-mtb.fr\/#breadcrumb","itemListElement":[{"@type":"ListItem","position":1,"name":"Accueil","item":"https:\/\/pilpoele-mtb.fr\/"},{"@type":"ListItem","position":2,"name":"Maintenance"}]},{"@type":"WebSite","@id":"https:\/\/pilpoele-mtb.fr\/#website","url":"https:\/\/pilpoele-mtb.fr\/","name":"Pil&#039;Po\u00eale-MTB","description":"Vente et installation de po\u00eales, inserts et chaudi\u00e8res \u00e0 Chamb\u00e9ry (73)","potentialAction":[{"@type":"SearchAction","target":{"@type":"EntryPoint","urlTemplate":"https:\/\/pilpoele-mtb.fr\/?s={search_term_string}"},"query-input":{"@type":"PropertyValueSpecification","valueRequired":true,"valueName":"search_term_string"}}],"inLanguage":"fr-FR"}]}},"jetpack_sharing_enabled":true,"_links":{"self":[{"href":"https:\/\/pilpoele-mtb.fr\/index.php?rest_route=\/wp\/v2\/pages\/6776"}],"collection":[{"href":"https:\/\/pilpoele-mtb.fr\/index.php?rest_route=\/wp\/v2\/pages"}],"about":[{"href":"https:\/\/pilpoele-mtb.fr\/index.php?rest_route=\/wp\/v2\/types\/page"}],"author":[{"embeddable":true,"href":"https:\/\/pilpoele-mtb.fr\/index.php?rest_route=\/wp\/v2\/users\/1"}],"replies":[{"embeddable":true,"href":"https:\/\/pilpoele-mtb.fr\/index.php?rest_route=%2Fwp%2Fv2%2Fcomments&post=6776"}],"version-history":[{"count":9,"href":"https:\/\/pilpoele-mtb.fr\/index.php?rest_route=\/wp\/v2\/pages\/6776\/revisions"}],"predecessor-version":[{"id":6794,"href":"https:\/\/pilpoele-mtb.fr\/index.php?rest_route=\/wp\/v2\/pages\/6776\/revisions\/6794"}],"wp:attachment":[{"href":"https:\/\/pilpoele-mtb.fr\/index.php?rest_route=%2Fwp%2Fv2%2Fmedia&parent=6776"}],"curies":[{"name":"wp","href":"https:\/\/api.w.org\/{rel}","templated":true}]}}